{"id":16,"date":"2024-03-03T06:30:55","date_gmt":"2024-03-03T06:30:55","guid":{"rendered":"https:\/\/www.metokyviajes.com\/?page_id=16"},"modified":"2024-03-03T06:30:55","modified_gmt":"2024-03-03T06:30:55","slug":"lopdgdd-lopd-rgpd","status":"publish","type":"page","link":"https:\/\/www.metokyviajes.com\/index.php\/lopdgdd-lopd-rgpd\/","title":{"rendered":"LOPDGDD\/LOPD\/RGPD"},"content":{"rendered":"<p><strong>Ley Org\u00e1nica de Protecci\u00f3n de Datos y Garant\u00eda de Derechos Digitales (LOPDGDD)<\/strong>.<\/p>\n<p>Esta ley entr\u00f3 en vigor el 6 de diciembre de 2018, sustituyendo a la antigua Ley Org\u00e1nica 15\/1999 de Protecci\u00f3n de Datos de Car\u00e1cter Personal. El objetivo de la LOPDGDD es adaptar la legislaci\u00f3n espa\u00f1ola a la normativa europea, definida por el Reglamento General de Protecci\u00f3n de Datos (RGPD), vigente desde el 25 de mayo de 2018.<\/p>\n<p>La nueva LOPDGDD recoge las l\u00edneas generales del RGPD en relaci\u00f3n con los datos personales, el uso de cookies y el consentimiento activo.<\/p>\n<p>La finalidad de la LOPDGDD es proteger la\u00a0<strong>intimidad, privacidad e integridad del individuo<\/strong>, en cumplimiento con el art\u00edculo 18.4 de la Constituci\u00f3n Espa\u00f1ola.<\/p>\n<p>&nbsp;<\/p>\n<p>En cumplimiento de lo establecido en la Ley Org\u00e1nica 3\/2018, de 5 de diciembre, <strong>de protecci\u00f3n de datos y garant\u00eda de derechos digitales\u00a0<\/strong>, le informamos que, mediante la cumplimentaci\u00f3n del presente formulario, sus datos personales quedar\u00e1n incorporados y ser\u00e1n tratados en un fichero automatizado, titularidad de METOKY \u00a0con la finalidad de poder gestionar su solicitud, as\u00ed como para mantenerle informado de futuras promociones, noticias y novedades relacionadas con el sector.<\/p>\n<p>METOKY se compromete a tratar de forma confidencial los datos de car\u00e1cter personal facilitados y a no comunicar o ceder dicha informaci\u00f3n a terceros.<\/p>\n<p>Usted podr\u00e1 de forma libre y voluntaria facilitar la informaci\u00f3n que se le pide en los formularios salvo en los campos que aparecen como obligatorios. La no introducci\u00f3n de la informaci\u00f3n solicitada como obligatoria podr\u00e1 tener como consecuencia que no pueda atenderse su solicitud.<\/p>\n<p>A su vez, y en virtud de lo establecido en la Ley 34\/2002, de 11 de julio, de Servicios de la Sociedad de la Informaci\u00f3n y de Comercio electr\u00f3nico METOKY \u00a0informa que podr\u00e1 utilizar las direcciones de correo electr\u00f3nico facilitadas, para remitirte informaci\u00f3n acerca de sus productos y servicios, avisos y ofertas y, en general, informaci\u00f3n de car\u00e1cter comercial de inter\u00e9s relativa a la actividad de la empresa.<\/p>\n<p>Asimismo, le informamos de la posibilidad que tiene de ejercer los derechos de acceso, rectificaci\u00f3n, cancelaci\u00f3n y oposici\u00f3n de sus datos de car\u00e1cter personal de forma presencial en la oficina de METOKY , acompa\u00f1ando copia de DNI.<\/p>\n<p>Tambi\u00e9n mediante correo postal, adjuntando fotocopia del DNI, dirigido a:<\/p>\n<p>METOKY<\/p>\n<p>CALLE SANTO CRISTO 2<\/p>\n<p>29580 \u00a0M\u00c1LAGA<\/p>\n<p>O enviando un correo electr\u00f3nico a info@metokyviajes.com \u00a0junto con copia del DNI.<\/p>\n","protected":false},"excerpt":{"rendered":"<p>Ley Org\u00e1nica de Protecci\u00f3n de Datos y Garant\u00eda de Derechos Digitales (LOPDGDD). Esta ley entr\u00f3 en vigor el 6 de diciembre de 2018, sustituyendo a la antigua Ley Org\u00e1nica 15\/1999 de Protecci\u00f3n de Datos de Car\u00e1cter Personal. El objetivo de la LOPDGDD es adaptar la legislaci\u00f3n espa\u00f1ola a la normativa europea, definida por el Reglamento [&hellip;]<\/p>\n","protected":false},"author":1,"featured_media":0,"parent":0,"menu_order":0,"comment_status":"closed","ping_status":"closed","template":"","meta":{"_joinchat":[],"footnotes":""},"class_list":["post-16","page","type-page","status-publish","hentry"],"yoast_head":"<!-- This site is optimized with the Yoast SEO plugin v22.2 - https:\/\/yoast.com\/wordpress\/plugins\/seo\/ -->\n<title>LOPDGDD\/LOPD\/RGPD - METOKY<\/title>\n<meta name=\"robots\" content=\"noindex, follow\" \/>\n<meta property=\"og:locale\" content=\"es_ES\" \/>\n<meta property=\"og:type\" content=\"article\" \/>\n<meta property=\"og:title\" content=\"LOPDGDD\/LOPD\/RGPD - METOKY\" \/>\n<meta property=\"og:description\" content=\"Ley Org\u00e1nica de Protecci\u00f3n de Datos y Garant\u00eda de Derechos Digitales (LOPDGDD). Esta ley entr\u00f3 en vigor el 6 de diciembre de 2018, sustituyendo a la antigua Ley Org\u00e1nica 15\/1999 de Protecci\u00f3n de Datos de Car\u00e1cter Personal. El objetivo de la LOPDGDD es adaptar la legislaci\u00f3n espa\u00f1ola a la normativa europea, definida por el Reglamento [&hellip;]\" \/>\n<meta property=\"og:url\" content=\"https:\/\/www.metokyviajes.com\/index.php\/lopdgdd-lopd-rgpd\/\" \/>\n<meta property=\"og:site_name\" content=\"METOKY\" \/>\n<meta name=\"twitter:card\" content=\"summary_large_image\" \/>\n<meta name=\"twitter:label1\" content=\"Tiempo de lectura\" \/>\n\t<meta name=\"twitter:data1\" content=\"2 minutos\" \/>\n<script type=\"application\/ld+json\" class=\"yoast-schema-graph\">{\"@context\":\"https:\/\/schema.org\",\"@graph\":[{\"@type\":\"WebPage\",\"@id\":\"https:\/\/www.metokyviajes.com\/index.php\/lopdgdd-lopd-rgpd\/\",\"url\":\"https:\/\/www.metokyviajes.com\/index.php\/lopdgdd-lopd-rgpd\/\",\"name\":\"LOPDGDD\/LOPD\/RGPD - METOKY\",\"isPartOf\":{\"@id\":\"https:\/\/www.metokyviajes.com\/#website\"},\"datePublished\":\"2024-03-03T06:30:55+00:00\",\"dateModified\":\"2024-03-03T06:30:55+00:00\",\"breadcrumb\":{\"@id\":\"https:\/\/www.metokyviajes.com\/index.php\/lopdgdd-lopd-rgpd\/#breadcrumb\"},\"inLanguage\":\"es\",\"potentialAction\":[{\"@type\":\"ReadAction\",\"target\":[\"https:\/\/www.metokyviajes.com\/index.php\/lopdgdd-lopd-rgpd\/\"]}]},{\"@type\":\"BreadcrumbList\",\"@id\":\"https:\/\/www.metokyviajes.com\/index.php\/lopdgdd-lopd-rgpd\/#breadcrumb\",\"itemListElement\":[{\"@type\":\"ListItem\",\"position\":1,\"name\":\"Portada\",\"item\":\"https:\/\/www.metokyviajes.com\/\"},{\"@type\":\"ListItem\",\"position\":2,\"name\":\"LOPDGDD\/LOPD\/RGPD\"}]},{\"@type\":\"WebSite\",\"@id\":\"https:\/\/www.metokyviajes.com\/#website\",\"url\":\"https:\/\/www.metokyviajes.com\/\",\"name\":\"METOKY\",\"description\":\"S&oacute;lo otro sitio de WordPress\",\"potentialAction\":[{\"@type\":\"SearchAction\",\"target\":{\"@type\":\"EntryPoint\",\"urlTemplate\":\"https:\/\/www.metokyviajes.com\/?s={search_term_string}\"},\"query-input\":\"required name=search_term_string\"}],\"inLanguage\":\"es\"}]}<\/script>\n<!-- \/ Yoast SEO plugin. -->","yoast_head_json":{"title":"LOPDGDD\/LOPD\/RGPD - METOKY","robots":{"index":"noindex","follow":"follow"},"og_locale":"es_ES","og_type":"article","og_title":"LOPDGDD\/LOPD\/RGPD - METOKY","og_description":"Ley Org\u00e1nica de Protecci\u00f3n de Datos y Garant\u00eda de Derechos Digitales (LOPDGDD). Esta ley entr\u00f3 en vigor el 6 de diciembre de 2018, sustituyendo a la antigua Ley Org\u00e1nica 15\/1999 de Protecci\u00f3n de Datos de Car\u00e1cter Personal. El objetivo de la LOPDGDD es adaptar la legislaci\u00f3n espa\u00f1ola a la normativa europea, definida por el Reglamento [&hellip;]","og_url":"https:\/\/www.metokyviajes.com\/index.php\/lopdgdd-lopd-rgpd\/","og_site_name":"METOKY","twitter_card":"summary_large_image","twitter_misc":{"Tiempo de lectura":"2 minutos"},"schema":{"@context":"https:\/\/schema.org","@graph":[{"@type":"WebPage","@id":"https:\/\/www.metokyviajes.com\/index.php\/lopdgdd-lopd-rgpd\/","url":"https:\/\/www.metokyviajes.com\/index.php\/lopdgdd-lopd-rgpd\/","name":"LOPDGDD\/LOPD\/RGPD - METOKY","isPartOf":{"@id":"https:\/\/www.metokyviajes.com\/#website"},"datePublished":"2024-03-03T06:30:55+00:00","dateModified":"2024-03-03T06:30:55+00:00","breadcrumb":{"@id":"https:\/\/www.metokyviajes.com\/index.php\/lopdgdd-lopd-rgpd\/#breadcrumb"},"inLanguage":"es","potentialAction":[{"@type":"ReadAction","target":["https:\/\/www.metokyviajes.com\/index.php\/lopdgdd-lopd-rgpd\/"]}]},{"@type":"BreadcrumbList","@id":"https:\/\/www.metokyviajes.com\/index.php\/lopdgdd-lopd-rgpd\/#breadcrumb","itemListElement":[{"@type":"ListItem","position":1,"name":"Portada","item":"https:\/\/www.metokyviajes.com\/"},{"@type":"ListItem","position":2,"name":"LOPDGDD\/LOPD\/RGPD"}]},{"@type":"WebSite","@id":"https:\/\/www.metokyviajes.com\/#website","url":"https:\/\/www.metokyviajes.com\/","name":"METOKY","description":"S&oacute;lo otro sitio de WordPress","potentialAction":[{"@type":"SearchAction","target":{"@type":"EntryPoint","urlTemplate":"https:\/\/www.metokyviajes.com\/?s={search_term_string}"},"query-input":"required name=search_term_string"}],"inLanguage":"es"}]}},"_links":{"self":[{"href":"https:\/\/www.metokyviajes.com\/index.php\/wp-json\/wp\/v2\/pages\/16","targetHints":{"allow":["GET"]}}],"collection":[{"href":"https:\/\/www.metokyviajes.com\/index.php\/wp-json\/wp\/v2\/pages"}],"about":[{"href":"https:\/\/www.metokyviajes.com\/index.php\/wp-json\/wp\/v2\/types\/page"}],"author":[{"embeddable":true,"href":"https:\/\/www.metokyviajes.com\/index.php\/wp-json\/wp\/v2\/users\/1"}],"replies":[{"embeddable":true,"href":"https:\/\/www.metokyviajes.com\/index.php\/wp-json\/wp\/v2\/comments?post=16"}],"version-history":[{"count":1,"href":"https:\/\/www.metokyviajes.com\/index.php\/wp-json\/wp\/v2\/pages\/16\/revisions"}],"predecessor-version":[{"id":17,"href":"https:\/\/www.metokyviajes.com\/index.php\/wp-json\/wp\/v2\/pages\/16\/revisions\/17"}],"wp:attachment":[{"href":"https:\/\/www.metokyviajes.com\/index.php\/wp-json\/wp\/v2\/media?parent=16"}],"curies":[{"name":"wp","href":"https:\/\/api.w.org\/{rel}","templated":true}]}}